{"id":4728,"date":"2024-06-09T10:19:42","date_gmt":"2024-06-09T10:19:42","guid":{"rendered":"https:\/\/frigologix.ca\/contact\/"},"modified":"2024-11-06T20:39:22","modified_gmt":"2024-11-06T20:39:22","slug":"contact","status":"publish","type":"page","link":"https:\/\/frigologix.ca\/fr\/contact\/","title":{"rendered":"Contact"},"content":{"rendered":"\t\t<div data-elementor-type=\"wp-page\" data-elementor-id=\"4728\" class=\"elementor elementor-4728 elementor-65\">\n\t\t\t\t\t\t<section class=\"elementor-section elementor-top-section elementor-element elementor-element-d9ff6fb elementor-section-boxed elementor-section-height-default elementor-section-height-default\" data-id=\"d9ff6fb\" data-element_type=\"section\">\n\t\t\t\t\t\t<div class=\"elementor-container elementor-column-gap-default\">\n\t\t\t\t\t<div class=\"elementor-column elementor-col-33 elementor-top-column elementor-element elementor-element-12f7eeb\" data-id=\"12f7eeb\" data-element_type=\"column\">\n\t\t\t<div class=\"elementor-widget-wrap elementor-element-populated\">\n\t\t\t\t\t\t<div class=\"elementor-element elementor-element-0901c27 elementor-widget elementor-widget-tx_contact_info elh-el tx_contact_info\" data-id=\"0901c27\" data-element_type=\"widget\" data-settings=\"{&quot;design_style&quot;:&quot;style_4&quot;}\" data-widget_type=\"tx_contact_info.default\">\n\t\t\t\t<div class=\"elementor-widget-container\">\n\t\t\t\t\t<div class=\"log-contact-info-item position-relative\">\r\n\r\n        <span class=\"info-bg position-absolute\">\r\n        <img decoding=\"async\" src=\"https:\/\/frigologix.ca\/wp-content\/uploads\/2024\/10\/contact1.jpg\" alt=\"contact1\">\r\n    <\/span>\r\n    \r\n        <div class=\"inner-icon d-flex align-items-center justify-content-center\">\r\n        <i aria-hidden=\"true\" class=\"flaticon flaticon-mail\"><\/i>    <\/div>\r\n        <div class=\"inner-text headline pera-content\">\r\n                <h3>Adresse courriel<\/h3>\r\n        \r\n        <p><a href=\"mailto:info@frigologix.ca\">info@frigologix.ca<\/a><\/p>    <\/div>\r\n<\/div>\t\t\t\t<\/div>\n\t\t\t\t<\/div>\n\t\t\t\t\t<\/div>\n\t\t<\/div>\n\t\t\t\t<div class=\"elementor-column elementor-col-33 elementor-top-column elementor-element elementor-element-a588dcd\" data-id=\"a588dcd\" data-element_type=\"column\">\n\t\t\t<div class=\"elementor-widget-wrap elementor-element-populated\">\n\t\t\t\t\t\t<div class=\"elementor-element elementor-element-88c6302 elementor-widget elementor-widget-tx_contact_info elh-el tx_contact_info\" data-id=\"88c6302\" data-element_type=\"widget\" data-settings=\"{&quot;design_style&quot;:&quot;style_4&quot;}\" data-widget_type=\"tx_contact_info.default\">\n\t\t\t\t<div class=\"elementor-widget-container\">\n\t\t\t\t\t<div class=\"log-contact-info-item position-relative\">\r\n\r\n        <span class=\"info-bg position-absolute\">\r\n        <img decoding=\"async\" src=\"https:\/\/frigologix.ca\/wp-content\/uploads\/2024\/10\/contact2.jpg\" alt=\"contact2\">\r\n    <\/span>\r\n    \r\n        <div class=\"inner-icon d-flex align-items-center justify-content-center\">\r\n        <i aria-hidden=\"true\" class=\"flaticon flaticon-telephone\"><\/i>    <\/div>\r\n        <div class=\"inner-text headline pera-content\">\r\n                <h3>T\u00e9l\u00e9phone<\/h3>\r\n        \r\n        <p><a href=\"tel:5146831212\">514-683-1212<\/a><\/p>    <\/div>\r\n<\/div>\t\t\t\t<\/div>\n\t\t\t\t<\/div>\n\t\t\t\t\t<\/div>\n\t\t<\/div>\n\t\t\t\t<div class=\"elementor-column elementor-col-33 elementor-top-column elementor-element elementor-element-e1c49ea\" data-id=\"e1c49ea\" data-element_type=\"column\">\n\t\t\t<div class=\"elementor-widget-wrap elementor-element-populated\">\n\t\t\t\t\t\t<div class=\"elementor-element elementor-element-710194e elementor-widget elementor-widget-tx_contact_info elh-el tx_contact_info\" data-id=\"710194e\" data-element_type=\"widget\" data-settings=\"{&quot;design_style&quot;:&quot;style_4&quot;}\" data-widget_type=\"tx_contact_info.default\">\n\t\t\t\t<div class=\"elementor-widget-container\">\n\t\t\t\t\t<div class=\"log-contact-info-item position-relative\">\r\n\r\n        <span class=\"info-bg position-absolute\">\r\n        <img decoding=\"async\" src=\"https:\/\/frigologix.ca\/wp-content\/uploads\/2024\/10\/contact3.jpg\" alt=\"contact3\">\r\n    <\/span>\r\n    \r\n        <div class=\"inner-icon d-flex align-items-center justify-content-center\">\r\n        <i aria-hidden=\"true\" class=\"fas fa-map-marker-alt\"><\/i>    <\/div>\r\n        <div class=\"inner-text headline pera-content\">\r\n                <h3>Adresse<\/h3>\r\n        \r\n        <p>107 Rue Avro, Dorval, QC H9P 0A8<\/p>    <\/div>\r\n<\/div>\t\t\t\t<\/div>\n\t\t\t\t<\/div>\n\t\t\t\t\t<\/div>\n\t\t<\/div>\n\t\t\t\t\t<\/div>\n\t\t<\/section>\n\t\t\t\t<section class=\"elementor-section elementor-top-section elementor-element elementor-element-5895bcd elementor-section-boxed elementor-section-height-default elementor-section-height-default\" data-id=\"5895bcd\" data-element_type=\"section\">\n\t\t\t\t\t\t<div class=\"elementor-container elementor-column-gap-default\">\n\t\t\t\t\t<div class=\"elementor-column elementor-col-100 elementor-top-column elementor-element elementor-element-33ee867\" data-id=\"33ee867\" data-element_type=\"column\">\n\t\t\t<div class=\"elementor-widget-wrap elementor-element-populated\">\n\t\t\t\t\t\t<section class=\"elementor-section elementor-inner-section elementor-element elementor-element-c3717d6 elementor-section-full_width elementor-section-height-default elementor-section-height-default\" data-id=\"c3717d6\" data-element_type=\"section\" data-settings=\"{&quot;background_background&quot;:&quot;classic&quot;}\">\n\t\t\t\t\t\t<div class=\"elementor-container elementor-column-gap-default\">\n\t\t\t\t\t<div class=\"elementor-column elementor-col-100 elementor-inner-column elementor-element elementor-element-5364ea0\" data-id=\"5364ea0\" data-element_type=\"column\">\n\t\t\t<div class=\"elementor-widget-wrap elementor-element-populated\">\n\t\t\t\t\t\t<div class=\"elementor-element elementor-element-c97cc6e elementor-widget elementor-widget-heading\" data-id=\"c97cc6e\" data-element_type=\"widget\" data-widget_type=\"heading.default\">\n\t\t\t\t<div class=\"elementor-widget-container\">\n\t\t\t\t\t<h2 class=\"elementor-heading-title elementor-size-default\">Nous contacter<\/h2>\t\t\t\t<\/div>\n\t\t\t\t<\/div>\n\t\t\t\t<div class=\"elementor-element elementor-element-1bda457 elementor-widget elementor-widget-heading\" data-id=\"1bda457\" data-element_type=\"widget\" data-widget_type=\"heading.default\">\n\t\t\t\t<div class=\"elementor-widget-container\">\n\t\t\t\t\t<p class=\"elementor-heading-title elementor-size-default\">Contactez-nous d\u00e8s aujourd'hui pour obtenir des solutions de stockage r\u00e9frig\u00e9r\u00e9 fiables et adapt\u00e9es \u00e0 vos besoins.<\/p>\t\t\t\t<\/div>\n\t\t\t\t<\/div>\n\t\t\t\t<div class=\"elementor-element elementor-element-ba27e2b elementor-widget elementor-widget-shortcode\" data-id=\"ba27e2b\" data-element_type=\"widget\" data-widget_type=\"shortcode.default\">\n\t\t\t\t<div class=\"elementor-widget-container\">\n\t\t\t\t\t\t\t<div class=\"elementor-shortcode\">\n<div class=\"wpcf7 no-js\" id=\"wpcf7-f7-o1\" lang=\"en-US\" dir=\"ltr\" data-wpcf7-id=\"7\">\n<div class=\"screen-reader-response\"><p role=\"status\" aria-live=\"polite\" aria-atomic=\"true\"><\/p> <ul><\/ul><\/div>\n<form action=\"\/fr\/wp-json\/wp\/v2\/pages\/4728#wpcf7-f7-o1\" method=\"post\" class=\"wpcf7-form init\" aria-label=\"Contact form\" novalidate=\"novalidate\" data-status=\"init\">\n<div style=\"display: none;\">\n<input type=\"hidden\" name=\"_wpcf7\" value=\"7\" \/>\n<input type=\"hidden\" name=\"_wpcf7_version\" value=\"6.0.2\" \/>\n<input type=\"hidden\" name=\"_wpcf7_locale\" value=\"en_US\" \/>\n<input type=\"hidden\" name=\"_wpcf7_unit_tag\" value=\"wpcf7-f7-o1\" \/>\n<input type=\"hidden\" name=\"_wpcf7_container_post\" value=\"0\" \/>\n<input type=\"hidden\" name=\"_wpcf7_posted_data_hash\" value=\"\" \/>\n<input type=\"hidden\" name=\"_wpcf7_recaptcha_response\" value=\"\" \/>\n<\/div>\n<div class=\"log-team-contact-form\">\n    <div class=\"row\">\n        <div class=\"col-lg-6 mt-20\">\n            <span class=\"wpcf7-form-control-wrap\" data-name=\"your-name\"><input size=\"40\" maxlength=\"400\" class=\"wpcf7-form-control wpcf7-text wpcf7-validates-as-required\" aria-required=\"true\" aria-invalid=\"false\" placeholder=\"Full name\" value=\"\" type=\"text\" name=\"your-name\" \/><\/span>\n        <\/div>\n        <div class=\"col-lg-6 mt-20\">\n            <span class=\"wpcf7-form-control-wrap\" data-name=\"your-phone\"><input size=\"40\" maxlength=\"400\" class=\"wpcf7-form-control wpcf7-tel wpcf7-validates-as-required wpcf7-text wpcf7-validates-as-tel\" aria-required=\"true\" aria-invalid=\"false\" placeholder=\"Phone number\" value=\"\" type=\"tel\" name=\"your-phone\" \/><\/span>\n        <\/div>\n        <div class=\"col-lg-6 mt-20\">     \n            <span class=\"wpcf7-form-control-wrap\" data-name=\"your-email\"><input size=\"40\" maxlength=\"400\" class=\"wpcf7-form-control wpcf7-email wpcf7-validates-as-required wpcf7-text wpcf7-validates-as-email\" aria-required=\"true\" aria-invalid=\"false\" placeholder=\"Email address\" value=\"\" type=\"email\" name=\"your-email\" \/><\/span>\n        <\/div>\n        <div class=\"col-lg-6 mt-20\">\n            <span class=\"wpcf7-form-control-wrap\" data-name=\"your-service\"><input size=\"40\" maxlength=\"400\" class=\"wpcf7-form-control wpcf7-text wpcf7-validates-as-required\" aria-required=\"true\" aria-invalid=\"false\" placeholder=\"Service\" value=\"\" type=\"text\" name=\"your-service\" \/><\/span>\n        <\/div>\n        <div class=\"col-lg-12 mt-20\">\n            <span class=\"wpcf7-form-control-wrap\" data-name=\"your-message\"><textarea cols=\"40\" rows=\"10\" maxlength=\"2000\" class=\"wpcf7-form-control wpcf7-textarea wpcf7-validates-as-required\" aria-required=\"true\" aria-invalid=\"false\" placeholder=\"Type your message...\" name=\"your-message\"><\/textarea><\/span>\n        <\/div>\n        <div class=\"col-lg-12 mt-20\">\n            <div class=\"laa-blog-1-all-btn text-center\">\n\t\t\t\t\t<button type=\"submit\" aria-label=\"submit\" class=\"laa-pr-btn-1\">\n\t\t\t\t\t\t<span class=\"laa-pr-btn-1-left\">\n\t\t\t\t\t\t\t<span class=\"text\" data-back=\"Send Message\" data-front=\"Send Message\"><\/span>\n\t\t\t\t\t\t<\/span>\n\t\t\t\t\t\t<span class=\"laa-pr-btn-1-right\">\n\t\t\t\t\t\t\t<span class=\"icon\">\n\t\t\t\t\t\t\t\t<i class=\"fas fa-chevron-right\"><\/i>\n\t\t\t\t\t\t\t\t<i class=\"fas fa-chevron-right\"><\/i>\n\t\t\t\t\t\t\t<\/span>\n\t\t\t\t\t\t<\/span>\n\t\t\t\t\t\t<svg xmlns=\"http:\/\/www.w3.org\/2000\/svg\" version=\"1.1\" width=\"66\" height=\"56\">\n\t\t\t\t\t\t\t<path d=\"M0 0 C18 0 18 0 24 5 C25.2375 6.36125 25.2375 6.36125 26.5 7.75 C29.50931691 10.45838522 30.96747938 11 35 11 C40.56331003 9.41048285 43.23564194 7.07207047 46.73828125 2.5234375 C48 1 48 1 50 0 C55.28 0 60.56 0 66 0 C66 18.48 66 36.96 66 56 C50 56 50 56 44 51 C43.175 50.0925 42.35 49.185 41.5 48.25 C38.49068309 45.54161478 37.03252062 45 33 45 C27.43668997 46.58951715 24.76435806 48.92792953 21.26171875 53.4765625 C20 55 20 55 18 56 C12.06 56 6.12 56 0 56 C0 37.52 0 19.04 0 0 Z \" fill=\"#192C4D\" transform=\"translate(0,0)\"><\/path>\n\t\t\t\t\t\t<\/svg>\n\t\t\t\t\t<\/button>\n\t\t\t\t<\/div>\n        <\/div>\n    <\/div>\n<\/div><div class=\"wpcf7-response-output\" aria-hidden=\"true\"><\/div>\n<\/form>\n<\/div>\n<\/div>\n\t\t\t\t\t\t<\/div>\n\t\t\t\t<\/div>\n\t\t\t\t\t<\/div>\n\t\t<\/div>\n\t\t\t\t\t<\/div>\n\t\t<\/section>\n\t\t\t\t\t<\/div>\n\t\t<\/div>\n\t\t\t\t\t<\/div>\n\t\t<\/section>\n\t\t\t\t<section class=\"elementor-section elementor-top-section elementor-element elementor-element-2631bac elementor-section-full_width elementor-section-height-default elementor-section-height-default\" data-id=\"2631bac\" data-element_type=\"section\">\n\t\t\t\t\t\t<div class=\"elementor-container elementor-column-gap-default\">\n\t\t\t\t\t<div class=\"elementor-column elementor-col-100 elementor-top-column elementor-element elementor-element-e45691f\" data-id=\"e45691f\" data-element_type=\"column\">\n\t\t\t<div class=\"elementor-widget-wrap elementor-element-populated\">\n\t\t\t\t\t\t<div class=\"elementor-element elementor-element-518e709 elementor-widget elementor-widget-google_maps\" data-id=\"518e709\" data-element_type=\"widget\" data-widget_type=\"google_maps.default\">\n\t\t\t\t<div class=\"elementor-widget-container\">\n\t\t\t\t\t\t\t<div class=\"elementor-custom-embed\">\n\t\t\t<iframe loading=\"lazy\"\n\t\t\t\t\tsrc=\"https:\/\/maps.google.com\/maps?q=107%20Rue%20Avro%2C%20Dorval%2C%20QC%20H9P%200A8&#038;t=m&#038;z=13&#038;output=embed&#038;iwloc=near\"\n\t\t\t\t\ttitle=\"107 Rue Avro, Dorval, QC H9P 0A8\"\n\t\t\t\t\taria-label=\"107 Rue Avro, Dorval, QC H9P 0A8\"\n\t\t\t><\/iframe>\n\t\t<\/div>\n\t\t\t\t\t\t<\/div>\n\t\t\t\t<\/div>\n\t\t\t\t\t<\/div>\n\t\t<\/div>\n\t\t\t\t\t<\/div>\n\t\t<\/section>\n\t\t\t\t<\/div>\n\t\t","protected":false},"excerpt":{"rendered":"<p>Adresse courriel info@frigologix.ca T\u00e9l\u00e9phone 514-683-1212 Adresse 107 Rue Avro, Dorval, QC H9P 0A8 Nous contacter Contactez-nous d\u00e8s aujourd&rsquo;hui pour obtenir des solutions de stockage r\u00e9frig\u00e9r\u00e9 fiables et adapt\u00e9es \u00e0 vos besoins.<\/p>\n","protected":false},"author":3,"featured_media":0,"parent":0,"menu_order":0,"comment_status":"closed","ping_status":"closed","template":"elementor_header_footer","meta":{"inline_featured_image":false,"footnotes":""},"class_list":["post-4728","page","type-page","status-publish","hentry"],"yoast_head":"<!-- This site is optimized with the Yoast SEO plugin v24.1 - https:\/\/yoast.com\/wordpress\/plugins\/seo\/ -->\n<title>Contact - Frigologix<\/title>\n<meta name=\"robots\" content=\"index, follow, max-snippet:-1, max-image-preview:large, max-video-preview:-1\" \/>\n<link rel=\"canonical\" href=\"https:\/\/frigologix.ca\/fr\/contact\/\" \/>\n<meta property=\"og:locale\" content=\"fr_FR\" \/>\n<meta property=\"og:type\" content=\"article\" \/>\n<meta property=\"og:title\" content=\"Contact - Frigologix\" \/>\n<meta property=\"og:description\" content=\"Adresse courriel info@frigologix.ca T\u00e9l\u00e9phone 514-683-1212 Adresse 107 Rue Avro, Dorval, QC H9P 0A8 Nous contacter Contactez-nous d\u00e8s aujourd&rsquo;hui pour obtenir des solutions de stockage r\u00e9frig\u00e9r\u00e9 fiables et adapt\u00e9es \u00e0 vos besoins.\" \/>\n<meta property=\"og:url\" content=\"https:\/\/frigologix.ca\/fr\/contact\/\" \/>\n<meta property=\"og:site_name\" content=\"Frigologix\" \/>\n<meta property=\"article:modified_time\" content=\"2024-11-06T20:39:22+00:00\" \/>\n<meta property=\"og:image\" content=\"https:\/\/frigologix.ca\/wp-content\/uploads\/2024\/10\/contact1.jpg\" \/>\n<meta name=\"twitter:card\" content=\"summary_large_image\" \/>\n<script type=\"application\/ld+json\" class=\"yoast-schema-graph\">{\"@context\":\"https:\/\/schema.org\",\"@graph\":[{\"@type\":\"WebPage\",\"@id\":\"https:\/\/frigologix.ca\/fr\/contact\/\",\"url\":\"https:\/\/frigologix.ca\/fr\/contact\/\",\"name\":\"Contact - Frigologix\",\"isPartOf\":{\"@id\":\"https:\/\/frigologix.ca\/#website\"},\"primaryImageOfPage\":{\"@id\":\"https:\/\/frigologix.ca\/fr\/contact\/#primaryimage\"},\"image\":{\"@id\":\"https:\/\/frigologix.ca\/fr\/contact\/#primaryimage\"},\"thumbnailUrl\":\"https:\/\/frigologix.ca\/wp-content\/uploads\/2024\/10\/contact1.jpg\",\"datePublished\":\"2024-06-09T10:19:42+00:00\",\"dateModified\":\"2024-11-06T20:39:22+00:00\",\"breadcrumb\":{\"@id\":\"https:\/\/frigologix.ca\/fr\/contact\/#breadcrumb\"},\"inLanguage\":\"fr-FR\",\"potentialAction\":[{\"@type\":\"ReadAction\",\"target\":[\"https:\/\/frigologix.ca\/fr\/contact\/\"]}]},{\"@type\":\"ImageObject\",\"inLanguage\":\"fr-FR\",\"@id\":\"https:\/\/frigologix.ca\/fr\/contact\/#primaryimage\",\"url\":\"https:\/\/frigologix.ca\/wp-content\/uploads\/2024\/10\/contact1.jpg\",\"contentUrl\":\"https:\/\/frigologix.ca\/wp-content\/uploads\/2024\/10\/contact1.jpg\"},{\"@type\":\"BreadcrumbList\",\"@id\":\"https:\/\/frigologix.ca\/fr\/contact\/#breadcrumb\",\"itemListElement\":[{\"@type\":\"ListItem\",\"position\":1,\"name\":\"Home\",\"item\":\"https:\/\/frigologix.ca\/fr\/\"},{\"@type\":\"ListItem\",\"position\":2,\"name\":\"Contact\"}]},{\"@type\":\"WebSite\",\"@id\":\"https:\/\/frigologix.ca\/#website\",\"url\":\"https:\/\/frigologix.ca\/\",\"name\":\"Frigologix\",\"description\":\"\",\"publisher\":{\"@id\":\"https:\/\/frigologix.ca\/#organization\"},\"potentialAction\":[{\"@type\":\"SearchAction\",\"target\":{\"@type\":\"EntryPoint\",\"urlTemplate\":\"https:\/\/frigologix.ca\/?s={search_term_string}\"},\"query-input\":{\"@type\":\"PropertyValueSpecification\",\"valueRequired\":true,\"valueName\":\"search_term_string\"}}],\"inLanguage\":\"fr-FR\"},{\"@type\":\"Organization\",\"@id\":\"https:\/\/frigologix.ca\/#organization\",\"name\":\"Frigologix\",\"url\":\"https:\/\/frigologix.ca\/\",\"logo\":{\"@type\":\"ImageObject\",\"inLanguage\":\"fr-FR\",\"@id\":\"https:\/\/frigologix.ca\/#\/schema\/logo\/image\/\",\"url\":\"https:\/\/frigologix.ca\/wp-content\/uploads\/2024\/09\/frigo-logo.png\",\"contentUrl\":\"https:\/\/frigologix.ca\/wp-content\/uploads\/2024\/09\/frigo-logo.png\",\"width\":214,\"height\":133,\"caption\":\"Frigologix\"},\"image\":{\"@id\":\"https:\/\/frigologix.ca\/#\/schema\/logo\/image\/\"}}]}<\/script>\n<!-- \/ Yoast SEO plugin. -->","yoast_head_json":{"title":"Contact - Frigologix","robots":{"index":"index","follow":"follow","max-snippet":"max-snippet:-1","max-image-preview":"max-image-preview:large","max-video-preview":"max-video-preview:-1"},"canonical":"https:\/\/frigologix.ca\/fr\/contact\/","og_locale":"fr_FR","og_type":"article","og_title":"Contact - Frigologix","og_description":"Adresse courriel info@frigologix.ca T\u00e9l\u00e9phone 514-683-1212 Adresse 107 Rue Avro, Dorval, QC H9P 0A8 Nous contacter Contactez-nous d\u00e8s aujourd&rsquo;hui pour obtenir des solutions de stockage r\u00e9frig\u00e9r\u00e9 fiables et adapt\u00e9es \u00e0 vos besoins.","og_url":"https:\/\/frigologix.ca\/fr\/contact\/","og_site_name":"Frigologix","article_modified_time":"2024-11-06T20:39:22+00:00","og_image":[{"url":"https:\/\/frigologix.ca\/wp-content\/uploads\/2024\/10\/contact1.jpg","type":"","width":"","height":""}],"twitter_card":"summary_large_image","schema":{"@context":"https:\/\/schema.org","@graph":[{"@type":"WebPage","@id":"https:\/\/frigologix.ca\/fr\/contact\/","url":"https:\/\/frigologix.ca\/fr\/contact\/","name":"Contact - Frigologix","isPartOf":{"@id":"https:\/\/frigologix.ca\/#website"},"primaryImageOfPage":{"@id":"https:\/\/frigologix.ca\/fr\/contact\/#primaryimage"},"image":{"@id":"https:\/\/frigologix.ca\/fr\/contact\/#primaryimage"},"thumbnailUrl":"https:\/\/frigologix.ca\/wp-content\/uploads\/2024\/10\/contact1.jpg","datePublished":"2024-06-09T10:19:42+00:00","dateModified":"2024-11-06T20:39:22+00:00","breadcrumb":{"@id":"https:\/\/frigologix.ca\/fr\/contact\/#breadcrumb"},"inLanguage":"fr-FR","potentialAction":[{"@type":"ReadAction","target":["https:\/\/frigologix.ca\/fr\/contact\/"]}]},{"@type":"ImageObject","inLanguage":"fr-FR","@id":"https:\/\/frigologix.ca\/fr\/contact\/#primaryimage","url":"https:\/\/frigologix.ca\/wp-content\/uploads\/2024\/10\/contact1.jpg","contentUrl":"https:\/\/frigologix.ca\/wp-content\/uploads\/2024\/10\/contact1.jpg"},{"@type":"BreadcrumbList","@id":"https:\/\/frigologix.ca\/fr\/contact\/#breadcrumb","itemListElement":[{"@type":"ListItem","position":1,"name":"Home","item":"https:\/\/frigologix.ca\/fr\/"},{"@type":"ListItem","position":2,"name":"Contact"}]},{"@type":"WebSite","@id":"https:\/\/frigologix.ca\/#website","url":"https:\/\/frigologix.ca\/","name":"Frigologix","description":"","publisher":{"@id":"https:\/\/frigologix.ca\/#organization"},"potentialAction":[{"@type":"SearchAction","target":{"@type":"EntryPoint","urlTemplate":"https:\/\/frigologix.ca\/?s={search_term_string}"},"query-input":{"@type":"PropertyValueSpecification","valueRequired":true,"valueName":"search_term_string"}}],"inLanguage":"fr-FR"},{"@type":"Organization","@id":"https:\/\/frigologix.ca\/#organization","name":"Frigologix","url":"https:\/\/frigologix.ca\/","logo":{"@type":"ImageObject","inLanguage":"fr-FR","@id":"https:\/\/frigologix.ca\/#\/schema\/logo\/image\/","url":"https:\/\/frigologix.ca\/wp-content\/uploads\/2024\/09\/frigo-logo.png","contentUrl":"https:\/\/frigologix.ca\/wp-content\/uploads\/2024\/09\/frigo-logo.png","width":214,"height":133,"caption":"Frigologix"},"image":{"@id":"https:\/\/frigologix.ca\/#\/schema\/logo\/image\/"}}]}},"_links":{"self":[{"href":"https:\/\/frigologix.ca\/fr\/wp-json\/wp\/v2\/pages\/4728","targetHints":{"allow":["GET"]}}],"collection":[{"href":"https:\/\/frigologix.ca\/fr\/wp-json\/wp\/v2\/pages"}],"about":[{"href":"https:\/\/frigologix.ca\/fr\/wp-json\/wp\/v2\/types\/page"}],"author":[{"embeddable":true,"href":"https:\/\/frigologix.ca\/fr\/wp-json\/wp\/v2\/users\/3"}],"replies":[{"embeddable":true,"href":"https:\/\/frigologix.ca\/fr\/wp-json\/wp\/v2\/comments?post=4728"}],"version-history":[{"count":5,"href":"https:\/\/frigologix.ca\/fr\/wp-json\/wp\/v2\/pages\/4728\/revisions"}],"predecessor-version":[{"id":4789,"href":"https:\/\/frigologix.ca\/fr\/wp-json\/wp\/v2\/pages\/4728\/revisions\/4789"}],"wp:attachment":[{"href":"https:\/\/frigologix.ca\/fr\/wp-json\/wp\/v2\/media?parent=4728"}],"curies":[{"name":"wp","href":"https:\/\/api.w.org\/{rel}","templated":true}]}}